{"id":419,"date":"2024-11-13T07:38:24","date_gmt":"2024-11-13T07:38:24","guid":{"rendered":"https:\/\/dev.supertyrolaplagne.fr\/?page_id=419"},"modified":"2024-11-21T17:25:12","modified_gmt":"2024-11-21T16:25:12","slug":"legal-information","status":"publish","type":"page","link":"https:\/\/dev.supertyrolaplagne.fr\/en\/legal-information\/","title":{"rendered":"Legal information"},"content":{"rendered":"\t\t<div data-elementor-type=\"wp-page\" data-elementor-id=\"419\" class=\"elementor elementor-419\" data-elementor-post-type=\"page\">\n\t\t\t\t<div class=\"elementor-element elementor-element-96d5ced e-con-full e-flex e-con e-parent\" data-id=\"96d5ced\" data-element_type=\"container\">\n\t\t<div class=\"elementor-element elementor-element-b58d0be e-flex e-con-boxed e-con e-child\" data-id=\"b58d0be\" data-element_type=\"container\" data-settings=\"{&quot;background_background&quot;:&quot;classic&quot;}\">\n\t\t\t\t\t<div class=\"e-con-inner\">\n\t\t<div class=\"elementor-element elementor-element-c1d02fc e-con-full e-flex e-con e-child\" data-id=\"c1d02fc\" data-element_type=\"container\">\n\t\t\t\t<div class=\"elementor-element elementor-element-ff67bf1 elementor-widget elementor-widget-heading\" data-id=\"ff67bf1\" data-element_type=\"widget\" data-widget_type=\"heading.default\">\n\t\t\t\t<div class=\"elementor-widget-container\">\n\t\t\t<h1 class=\"elementor-heading-title elementor-size-default\">Legal information<\/h1>\t\t<\/div>\n\t\t\t\t<\/div>\n\t\t\t\t<\/div>\n\t\t\t\t\t<\/div>\n\t\t\t\t<\/div>\n\t\t\t\t<\/div>\n\t\t<div class=\"elementor-element elementor-element-bab056b e-flex e-con-boxed e-con e-parent\" data-id=\"bab056b\" data-element_type=\"container\">\n\t\t\t\t\t<div class=\"e-con-inner\">\n\t\t\t\t<div class=\"elementor-element elementor-element-3d4958a elementor-widget elementor-widget-text-editor\" data-id=\"3d4958a\" data-element_type=\"widget\" data-widget_type=\"text-editor.default\">\n\t\t\t\t<div class=\"elementor-widget-container\">\n\t\t\t\t\t\t\t<h3>Site owner and manager dev.supertyrolaplagne.fr<\/h3><p>S.A.S. FLYING FOX <br \/><strong>Registration address:<\/strong> Rue de la croix de Pierre, 73210, Peisey-Nancroix<br \/><strong>Email:<\/strong> supertyrolaplagne@gmail.com <br \/><strong>T\u00e9l.<\/strong> +33 (0) 6 51 21 01 73 <br \/><strong>SIREN:<\/strong> 953907227 <br \/><strong>Capital of :<\/strong> 5000 EUR <br \/><strong>VAT identification number:<\/strong> FR48953907227<\/p><h3>Site design and development dev.supertyrolaplagne.fr<\/h3><p>Empat studio <br \/>Kry\u017eiok\u0173 sod\u0173 9-oji rue 192, Vilnius 08445 Lituanie <br \/>Phone: +37060824275 <br \/><a href=\"https:\/\/empat.studio\/\">https:\/\/empat.studio\/<\/a><\/p><h3>Photo credits<\/h3><p>JNJ PHOTO <br \/><a href=\"https:\/\/www.jnj-photo.fr\/\">https:\/\/www.jnj-photo.fr\/<\/a><\/p><p>OGTP JYM<\/p><h3>Website hosting dev.supertyrolaplagne.fr<\/h3><p><span data-sheets-formula-bar-text-style=\"font-size:15px;color:#444746;font-weight:normal;text-decoration:none;font-family:'Arial';font-style:normal;text-decoration-skip-ink:none;\">Website : <\/span><a class=\"waffle-rich-text-link\" data-sheets-formula-bar-text-link=\"https:\/\/www.google.com\/url?q=https:\/\/www.hostinger.fr&amp;sa=D&amp;source=editors&amp;ust=1731688732801472&amp;usg=AOvVaw0jf_ae5lPQezPY8DziqAtK\" data-sheets-formula-bar-text-style=\"font-size:15px;color:#1155cc;font-weight:normal;text-decoration:underline;font-family:''Arial'';font-style:normal;text-decoration-skip-ink:none;\">https:\/\/www.hostinger.fr<\/a><\/p><p>Address : Hostinger International Ltd, 61\/3, rue Vystytio, Vilnius, Lituanie<br \/>Phone: +37064503378<\/p>\t\t\t\t\t\t<\/div>\n\t\t\t\t<\/div>\n\t\t\t\t\t<\/div>\n\t\t\t\t<\/div>\n\t\t\t\t<\/div>\n\t\t","protected":false},"excerpt":{"rendered":"<p>Legal information Site owner and manager dev.supertyrolaplagne.fr S.A.S. FLYING FOX Registration address: Rue de la croix de Pierre, 73210, Peisey-NancroixEmail: supertyrolaplagne@gmail.com T\u00e9l. +33 (0) 6 51 21 01 73 SIREN: 953907227 Capital of : 5000 EUR VAT identification number: FR48953907227 Site design and development dev.supertyrolaplagne.fr Empat studio Kry\u017eiok\u0173 sod\u0173 9-oji rue 192, Vilnius 08445 Lituanie [&hellip;]<\/p>\n","protected":false},"author":1,"featured_media":0,"parent":0,"menu_order":0,"comment_status":"closed","ping_status":"closed","template":"elementor_header_footer","meta":{"footnotes":""},"class_list":["post-419","page","type-page","status-publish","hentry"],"_links":{"self":[{"href":"https:\/\/dev.supertyrolaplagne.fr\/en\/wp-json\/wp\/v2\/pages\/419"}],"collection":[{"href":"https:\/\/dev.supertyrolaplagne.fr\/en\/wp-json\/wp\/v2\/pages"}],"about":[{"href":"https:\/\/dev.supertyrolaplagne.fr\/en\/wp-json\/wp\/v2\/types\/page"}],"author":[{"embeddable":true,"href":"https:\/\/dev.supertyrolaplagne.fr\/en\/wp-json\/wp\/v2\/users\/1"}],"replies":[{"embeddable":true,"href":"https:\/\/dev.supertyrolaplagne.fr\/en\/wp-json\/wp\/v2\/comments?post=419"}],"version-history":[{"count":7,"href":"https:\/\/dev.supertyrolaplagne.fr\/en\/wp-json\/wp\/v2\/pages\/419\/revisions"}],"predecessor-version":[{"id":843,"href":"https:\/\/dev.supertyrolaplagne.fr\/en\/wp-json\/wp\/v2\/pages\/419\/revisions\/843"}],"wp:attachment":[{"href":"https:\/\/dev.supertyrolaplagne.fr\/en\/wp-json\/wp\/v2\/media?parent=419"}],"curies":[{"name":"wp","href":"https:\/\/api.w.org\/{rel}","templated":true}]}}